{"id":10,"date":"2021-01-01T18:49:52","date_gmt":"2021-01-01T18:49:52","guid":{"rendered":"http:\/\/192.168.178.21\/?page_id=10"},"modified":"2022-03-02T13:27:28","modified_gmt":"2022-03-02T12:27:28","slug":"contact","status":"publish","type":"page","link":"http:\/\/standalhytta.no\/index.php\/contact\/","title":{"rendered":"Kontakt"},"content":{"rendered":"\n<p>Ansvaret for drift og vedlikehold av hytta er det styret i Aalesunds Skiklub som har.  Dette arbeidet utf\u00f8res p\u00e5 frivillig basis, p\u00e5 dugnad, p\u00e5 lik linje med all annen aktivitet i klubben.<\/p>\n\n\n\n<p>L\u00f8pende vedlikehold p\u00e5 hytta utf\u00f8res av en egen komite, Hyttekomiteen, (mer f\u00f8lger etterhvert)<\/p>\n","protected":false},"excerpt":{"rendered":"<p>Ansvaret for drift og vedlikehold av hytta er det styret i Aalesunds Skiklub som har. Dette arbeidet utf\u00f8res p\u00e5 frivillig basis, p\u00e5 dugnad, p\u00e5 lik linje med all annen aktivitet i klubben. L\u00f8pende vedlikehold p\u00e5 hytta utf\u00f8res av en egen komite, Hyttekomiteen, (mer f\u00f8lger etterhvert)<\/p>\n","protected":false},"author":1,"featured_media":0,"parent":0,"menu_order":0,"comment_status":"closed","ping_status":"closed","template":"","meta":[],"_links":{"self":[{"href":"http:\/\/standalhytta.no\/index.php\/wp-json\/wp\/v2\/pages\/10"}],"collection":[{"href":"http:\/\/standalhytta.no\/index.php\/wp-json\/wp\/v2\/pages"}],"about":[{"href":"http:\/\/standalhytta.no\/index.php\/wp-json\/wp\/v2\/types\/page"}],"author":[{"embeddable":true,"href":"http:\/\/standalhytta.no\/index.php\/wp-json\/wp\/v2\/users\/1"}],"replies":[{"embeddable":true,"href":"http:\/\/standalhytta.no\/index.php\/wp-json\/wp\/v2\/comments?post=10"}],"version-history":[{"count":3,"href":"http:\/\/standalhytta.no\/index.php\/wp-json\/wp\/v2\/pages\/10\/revisions"}],"predecessor-version":[{"id":227,"href":"http:\/\/standalhytta.no\/index.php\/wp-json\/wp\/v2\/pages\/10\/revisions\/227"}],"wp:attachment":[{"href":"http:\/\/standalhytta.no\/index.php\/wp-json\/wp\/v2\/media?parent=10"}],"curies":[{"name":"wp","href":"https:\/\/api.w.org\/{rel}","templated":true}]}}