{"id":115,"date":"2022-02-24T13:13:20","date_gmt":"2022-02-24T12:13:20","guid":{"rendered":"http:\/\/standalhytta.no\/?page_id=115"},"modified":"2022-03-29T21:49:33","modified_gmt":"2022-03-29T19:49:33","slug":"booking-reservasjon","status":"publish","type":"page","link":"http:\/\/standalhytta.no\/index.php\/booking-reservasjon\/","title":{"rendered":"Booking \/ Reservasjon"},"content":{"rendered":"\n<h2>Standalhytta <\/h2>\n\n\n\n<p>Standalhytta har sengeplass til 44 personer.  Rundet bordene p\u00e5 matsalen er det plass til ca 25 stk, mens det i peisestua kan dekkes til ca 45.<\/p>\n\n\n\n<p><script type=\"text\/javascript\" src=\"https:\/\/www.planyo.com\/as.js\"><\/script>\n<link rel=\"stylesheet\" href=\"https:\/\/www.planyo.com\/li.css\"><script type=\"text\/javascript\" src=\"https:\/\/www.planyo.com\/li.js?v=3\"><\/script>\n<iframe id=\"calp_4224287290\" style=\"width:100%;height:423px;\" class=\"calprev_iframe caltype_multi-month-responsive\" scrolling=\"no\" src=\"https:\/\/www.planyo.com\/embed-calendar.php?resource_id=120844&amp;calendar=37241&amp;style=multi-month-responsive&amp;morning_icons=1&amp;custom-language=NO&amp;ifr=calp_4224287290&amp;lightbox=1&amp;show_prep_time=1\" frameborder=\"0\"><\/iframe><\/p>\n\n\n\n<h2>Standalhytta &#8211; \u00f8stfl\u00f8yen<\/h2>\n\n\n\n<p>\u00d8stfl\u00f8yen er en selvstendig del av Standalhytta.  Her er det seks sengeplasser fordelt p\u00e5 tre rom. I tillegg er der koselig oppholdsrom, kj\u00f8kkendel, bad og wc.  Leie av \u00f8stfl\u00f8yen er forbeholdt  klubbens medlemmer (medlemsskap m\u00e5 v\u00e6re registrert f\u00f8r booking).  <\/p>\n\n\n\n<p><script type=\"text\/javascript\" src=\"https:\/\/www.planyo.com\/as.js\"><\/script>\n<link rel=\"stylesheet\" href=\"https:\/\/www.planyo.com\/li.css\"><script type=\"text\/javascript\" src=\"https:\/\/www.planyo.com\/li.js?v=3\"><\/script>\n<iframe id=\"calp_543952478\" style=\"width:100%;height:423px;\" class=\"calprev_iframe caltype_multi-month-responsive\" scrolling=\"no\" src=\"https:\/\/www.planyo.com\/embed-calendar.php?resource_id=121325&amp;calendar=37241&amp;style=multi-month-responsive&amp;custom-language=NO&amp;ifr=calp_543952478&amp;lightbox=1&amp;show_prep_time=1\" frameborder=\"0\"><\/iframe><\/p>\n","protected":false},"excerpt":{"rendered":"<p>Standalhytta Standalhytta har sengeplass til 44 personer. Rundet bordene p\u00e5 matsalen er det plass til ca 25 stk, mens det i peisestua kan dekkes til ca 45. Standalhytta &#8211; \u00f8stfl\u00f8yen \u00d8stfl\u00f8yen er en selvstendig del av Standalhytta. Her er det seks sengeplasser fordelt p\u00e5 tre rom. I tillegg er der koselig oppholdsrom, kj\u00f8kkendel, bad og [&hellip;]<\/p>\n","protected":false},"author":3,"featured_media":0,"parent":0,"menu_order":0,"comment_status":"closed","ping_status":"closed","template":"","meta":[],"_links":{"self":[{"href":"http:\/\/standalhytta.no\/index.php\/wp-json\/wp\/v2\/pages\/115"}],"collection":[{"href":"http:\/\/standalhytta.no\/index.php\/wp-json\/wp\/v2\/pages"}],"about":[{"href":"http:\/\/standalhytta.no\/index.php\/wp-json\/wp\/v2\/types\/page"}],"author":[{"embeddable":true,"href":"http:\/\/standalhytta.no\/index.php\/wp-json\/wp\/v2\/users\/3"}],"replies":[{"embeddable":true,"href":"http:\/\/standalhytta.no\/index.php\/wp-json\/wp\/v2\/comments?post=115"}],"version-history":[{"count":14,"href":"http:\/\/standalhytta.no\/index.php\/wp-json\/wp\/v2\/pages\/115\/revisions"}],"predecessor-version":[{"id":600,"href":"http:\/\/standalhytta.no\/index.php\/wp-json\/wp\/v2\/pages\/115\/revisions\/600"}],"wp:attachment":[{"href":"http:\/\/standalhytta.no\/index.php\/wp-json\/wp\/v2\/media?parent=115"}],"curies":[{"name":"wp","href":"https:\/\/api.w.org\/{rel}","templated":true}]}}