{"id":126,"date":"2022-02-24T15:46:43","date_gmt":"2022-02-24T14:46:43","guid":{"rendered":"http:\/\/standalhytta.no\/?page_id=126"},"modified":"2022-12-08T14:16:41","modified_gmt":"2022-12-08T13:16:41","slug":"lokasjon","status":"publish","type":"page","link":"http:\/\/standalhytta.no\/index.php\/lokasjon\/","title":{"rendered":"Lokasjon"},"content":{"rendered":"\n<p>Standalhytta ligger godt plassert p\u00e5 vannskillet mellom \u00d8rsta og Hj\u00f8rundfjorden, 400 m.o.h.  Det er hele\u00e5rsvei fram til parkering 200m unna hytta. <\/p>\n\n\n\n<p> Det er ca. 20 min kj\u00f8retur til \u00d8rsta sentrum (<a rel=\"noreferrer noopener\" href=\"https:\/\/www.google.no\/maps\/search\/charging+station+in+%C3%B8rsta\/\" data-type=\"URL\" data-id=\"https:\/\/www.google.no\/maps\/search\/charging+station+in+%C3%B8rsta\/\" target=\"_blank\">hvor n\u00e6rmeste el-bil ladestasjoner er<\/a>), og ca. 30 min til Fest\u00f8ya ferjekai, (<a rel=\"noreferrer noopener\" href=\"https:\/\/www.fjord1.no\/Ruteoversikt\/Moere-og-Romsdal\/Festoeya-Hundeidvika\" data-type=\"URL\" data-id=\"https:\/\/www.fjord1.no\/Ruteoversikt\/Moere-og-Romsdal\/Festoeya-Hundeidvika\" target=\"_blank\">hvor ferga til \u00c5lesund g\u00e5r fra)<\/a>. <\/p>\n\n\n\n<p><iframe src=\"https:\/\/www.google.com\/maps\/embed?pb=!1m18!1m12!1m3!1d1857.8998797622774!2d6.347975616307504!3d62.247037982773136!2m3!1f0!2f0!3f0!3m2!1i1024!2i768!4f13.1!3m3!1m2!1s0x4616e9d9912cc39d%3A0x2d7033246ade6b1d!2sStandalhytta!5e0!3m2!1sen!2sno!4v1645713293797!5m2!1sen!2sno\" width=\"600\" height=\"450\" style=\"border:0;\" allowfullscreen=\"\" loading=\"lazy\"><\/iframe><\/p>\n","protected":false},"excerpt":{"rendered":"<p>Standalhytta ligger godt plassert p\u00e5 vannskillet mellom \u00d8rsta og Hj\u00f8rundfjorden, 400 m.o.h. Det er hele\u00e5rsvei fram til parkering 200m unna hytta. Det er ca. 20 min kj\u00f8retur til \u00d8rsta sentrum (hvor n\u00e6rmeste el-bil ladestasjoner er), og ca. 30 min til Fest\u00f8ya ferjekai, (hvor ferga til \u00c5lesund g\u00e5r fra).<\/p>\n","protected":false},"author":3,"featured_media":0,"parent":0,"menu_order":0,"comment_status":"closed","ping_status":"closed","template":"","meta":[],"_links":{"self":[{"href":"http:\/\/standalhytta.no\/index.php\/wp-json\/wp\/v2\/pages\/126"}],"collection":[{"href":"http:\/\/standalhytta.no\/index.php\/wp-json\/wp\/v2\/pages"}],"about":[{"href":"http:\/\/standalhytta.no\/index.php\/wp-json\/wp\/v2\/types\/page"}],"author":[{"embeddable":true,"href":"http:\/\/standalhytta.no\/index.php\/wp-json\/wp\/v2\/users\/3"}],"replies":[{"embeddable":true,"href":"http:\/\/standalhytta.no\/index.php\/wp-json\/wp\/v2\/comments?post=126"}],"version-history":[{"count":9,"href":"http:\/\/standalhytta.no\/index.php\/wp-json\/wp\/v2\/pages\/126\/revisions"}],"predecessor-version":[{"id":729,"href":"http:\/\/standalhytta.no\/index.php\/wp-json\/wp\/v2\/pages\/126\/revisions\/729"}],"wp:attachment":[{"href":"http:\/\/standalhytta.no\/index.php\/wp-json\/wp\/v2\/media?parent=126"}],"curies":[{"name":"wp","href":"https:\/\/api.w.org\/{rel}","templated":true}]}}