{"id":385,"date":"2022-03-23T14:11:34","date_gmt":"2022-03-23T13:11:34","guid":{"rendered":"http:\/\/standalhytta.no\/index.php\/teluro\/"},"modified":"2022-12-08T13:59:54","modified_gmt":"2022-12-08T12:59:54","slug":"teluro","status":"publish","type":"page","link":"http:\/\/standalhytta.no\/","title":{"rendered":"Front Page"},"content":{"rendered":"<div data-colibri-id=\"385-c1\" class=\"style-194 style-local-385-c1 position-relative\">\n  <!---->\n  <div data-colibri-component=\"section\" data-colibri-id=\"385-c2\" id=\"custom\" class=\"h-section h-section-global-spacing d-flex align-items-lg-center align-items-md-center align-items-center style-195 style-local-385-c2 position-relative\">\n    <!---->\n    <!---->\n    <div class=\"h-section-grid-container h-section-boxed-container\">\n      <!---->\n      <div data-colibri-id=\"385-c3\" class=\"h-row-container gutters-row-lg-2 gutters-row-md-2 gutters-row-0 gutters-row-v-lg-2 gutters-row-v-md-2 gutters-row-v-2 style-196 style-local-385-c3 position-relative\">\n        <!---->\n        <div class=\"h-row justify-content-lg-center justify-content-md-center justify-content-center align-items-lg-stretch align-items-md-stretch align-items-stretch gutters-col-lg-2 gutters-col-md-2 gutters-col-0 gutters-col-v-lg-2 gutters-col-v-md-2 gutters-col-v-2\">\n          <!---->\n          <div class=\"h-column h-column-container d-flex h-col-lg-auto h-col-md-auto h-col-auto style-197-outer style-local-385-c4-outer\">\n            <div data-colibri-id=\"385-c4\" class=\"d-flex h-flex-basis h-column__inner h-ui-empty-state-container h-px-lg-2 h-px-md-2 h-px-2 v-inner-lg-2 v-inner-md-2 v-inner-2 style-197 style-local-385-c4 position-relative\">\n              <!---->\n              <!---->\n              <div class=\"w-100 h-y-container h-column__content h-column__v-align flex-basis-100\">\n                <!---->\n              <\/div>\n            <\/div>\n          <\/div>\n        <\/div>\n      <\/div>\n    <\/div>\n  <\/div>\n  <div data-colibri-component=\"section\" data-colibri-id=\"385-c5\" id=\"about\" class=\"h-section h-section-global-spacing d-flex align-items-lg-center align-items-md-center align-items-center style-198 style-local-385-c5 position-relative\">\n    <!---->\n    <!---->\n    <div class=\"h-section-grid-container h-section-boxed-container\">\n      <!---->\n      <div data-colibri-id=\"385-c6\" class=\"h-row-container gutters-row-lg-0 gutters-row-md-0 gutters-row-0 gutters-row-v-lg-0 gutters-row-v-md-0 gutters-row-v-0 style-199 style-local-385-c6 position-relative\">\n        <!---->\n        <div class=\"h-row justify-content-lg-center justify-content-md-center justify-content-center align-items-lg-stretch align-items-md-stretch align-items-stretch gutters-col-lg-0 gutters-col-md-0 gutters-col-0 gutters-col-v-lg-0 gutters-col-v-md-0 gutters-col-v-0\">\n          <!---->\n          <div class=\"h-column h-column-container d-flex h-col-lg-auto h-col-md-auto h-col-auto style-200-outer style-local-385-c7-outer\">\n            <div data-colibri-id=\"385-c7\" class=\"d-flex h-flex-basis h-column__inner h-px-lg-0 h-px-md-0 h-px-0 v-inner-lg-0 v-inner-md-0 v-inner-0 style-200 style-local-385-c7 position-relative\">\n              <!---->\n              <!---->\n              <div class=\"w-100 h-y-container h-column__content h-column__v-align flex-basis-100 align-self-lg-start align-self-md-start align-self-start\">\n                <!---->\n                <div data-colibri-id=\"385-c8\" class=\"h-text h-text-component style-203 style-local-385-c8 position-relative h-element\">\n                  <!---->\n                  <!---->\n                  <div class=\"\">\n                    <p>Standalhytta, eller Ull som er navnet den ble gitt, er Aalesunds Skiklub sin hytte p\u00e5 Standaleidet.&nbsp; Standalhytta har v\u00e6rt&nbsp; klubbens base for aktiviteter og samlinger siden den sto ferdig \u00e5rsskiftet 1913 \/ 1914.&nbsp; Og\n                      det er den fortsatt i dag.<\/p>\n                    <p>Fra hytta starter man, uten anmarsj, til en rekke flotte alpine turer \u2212 sommer som vinter.<\/p>\n                    <p>Denne web siden presenterer hytta, dens historie, tidliger og n\u00e5v\u00e6rende bruk, en oversikt over hva som skjer p\u00e5 hytta (klubbens aktiviteter og arrangemneter), litt om v\u00e6r- (og sn\u00f8-) forhold i tillegg til praktisk og nyttig informasjon\n                      for de som skulle \u00f8nske \u00e5 bes\u00f8ke hytta.<\/p>\n                    <p>Sida skal ikke erstatte klubbens hovedside \u2013 www.aask.no \u2013 men v\u00e6re et supplement til denne.<\/p>\n                  <\/div>\n                <\/div>\n              <\/div>\n            <\/div>\n          <\/div>\n          <div class=\"h-column h-column-container d-flex h-col-lg h-col-md h-col-auto style-204-outer style-local-385-c9-outer\">\n            <div data-colibri-id=\"385-c9\" class=\"d-flex h-flex-basis h-column__inner h-ui-empty-state-container h-px-lg-2 h-px-md-2 h-px-2 v-inner-lg-2 v-inner-md-2 v-inner-2 style-204 style-local-385-c9 position-relative\">\n              <!---->\n              <!---->\n              <div class=\"w-100 h-y-container h-column__content h-column__v-align flex-basis-100\">\n                <!---->\n              <\/div>\n            <\/div>\n          <\/div>\n        <\/div>\n      <\/div>\n    <\/div>\n  <\/div>\n<\/div>","protected":false},"excerpt":{"rendered":"<p>Standalhytta, eller Ull som er navnet den ble gitt, er Aalesunds Skiklub sin hytte p\u00e5 Standaleidet.&nbsp; Standalhytta har v\u00e6rt&nbsp; klubbens base for aktiviteter og samlinger siden den sto ferdig \u00e5rsskiftet 1913 \/ 1914.&nbsp; Og det er den fortsatt i dag. Fra hytta starter man, uten anmarsj, til en rekke flotte alpine turer \u2212 sommer som [&hellip;]<\/p>\n","protected":false},"author":3,"featured_media":0,"parent":0,"menu_order":0,"comment_status":"closed","ping_status":"closed","template":"page-templates\/homepage.php","meta":[],"_links":{"self":[{"href":"http:\/\/standalhytta.no\/index.php\/wp-json\/wp\/v2\/pages\/385"}],"collection":[{"href":"http:\/\/standalhytta.no\/index.php\/wp-json\/wp\/v2\/pages"}],"about":[{"href":"http:\/\/standalhytta.no\/index.php\/wp-json\/wp\/v2\/types\/page"}],"author":[{"embeddable":true,"href":"http:\/\/standalhytta.no\/index.php\/wp-json\/wp\/v2\/users\/3"}],"replies":[{"embeddable":true,"href":"http:\/\/standalhytta.no\/index.php\/wp-json\/wp\/v2\/comments?post=385"}],"version-history":[{"count":19,"href":"http:\/\/standalhytta.no\/index.php\/wp-json\/wp\/v2\/pages\/385\/revisions"}],"predecessor-version":[{"id":720,"href":"http:\/\/standalhytta.no\/index.php\/wp-json\/wp\/v2\/pages\/385\/revisions\/720"}],"wp:attachment":[{"href":"http:\/\/standalhytta.no\/index.php\/wp-json\/wp\/v2\/media?parent=385"}],"curies":[{"name":"wp","href":"https:\/\/api.w.org\/{rel}","templated":true}]}}